{"id":1109,"date":"2023-02-16T17:11:59","date_gmt":"2023-02-16T16:11:59","guid":{"rendered":"https:\/\/volodiavankeulen.com\/?page_id=1109"},"modified":"2025-08-03T11:47:42","modified_gmt":"2025-08-03T09:47:42","slug":"volodia-van-keulen","status":"publish","type":"page","link":"https:\/\/volodiavankeulen.com\/","title":{"rendered":"Volodia van Keulen"},"content":{"rendered":"\t\t<div data-elementor-type=\"wp-page\" data-elementor-id=\"1109\" class=\"elementor elementor-1109\" data-elementor-post-type=\"page\">\n\t\t\t\t<div class=\"elementor-element elementor-element-3697a0a e-con-full e-flex e-con e-parent\" data-id=\"3697a0a\" data-element_type=\"container\" data-e-type=\"container\" data-settings=\"{&quot;background_background&quot;:&quot;classic&quot;}\">\n\t\t\t\t<div class=\"elementor-element elementor-element-60207e8 animated-slow elementor-invisible elementor-widget elementor-widget-heading\" data-id=\"60207e8\" data-element_type=\"widget\" data-e-type=\"widget\" data-settings=\"{&quot;_animation&quot;:&quot;fadeIn&quot;,&quot;_animation_delay&quot;:1000}\" data-widget_type=\"heading.default\">\n\t\t\t\t<div class=\"elementor-widget-container\">\n\t\t\t\t\t<h1 class=\"elementor-heading-title elementor-size-default\">VOLODIA VAN KEULEN<\/h1>\t\t\t\t<\/div>\n\t\t\t\t<\/div>\n\t\t\t\t<\/div>\n\t\t<div class=\"elementor-element elementor-element-b6915b9 e-flex e-con-boxed elementor-invisible e-con e-parent\" data-id=\"b6915b9\" data-element_type=\"container\" data-e-type=\"container\" id=\"one\" data-settings=\"{&quot;background_background&quot;:&quot;classic&quot;,&quot;animation&quot;:&quot;fadeIn&quot;,&quot;motion_fx_motion_fx_scrolling&quot;:&quot;yes&quot;,&quot;motion_fx_devices&quot;:[&quot;desktop&quot;,&quot;tablet&quot;,&quot;mobile&quot;]}\" data-color=\"#242323\">\n\t\t\t\t\t<div class=\"e-con-inner\">\n\t\t<div class=\"elementor-element elementor-element-fc0f674 e-con-full e-flex elementor-invisible e-con e-child\" data-id=\"fc0f674\" data-element_type=\"container\" data-e-type=\"container\" data-settings=\"{&quot;animation&quot;:&quot;fadeInLeft&quot;}\">\n\t\t\t\t<div class=\"elementor-element elementor-element-c6e92a1 elementor-blockquote--skin-border elementor-widget elementor-widget-blockquote\" data-id=\"c6e92a1\" data-element_type=\"widget\" data-e-type=\"widget\" data-widget_type=\"blockquote.default\">\n\t\t\t\t<div class=\"elementor-widget-container\">\n\t\t\t\t\t\t\t<blockquote class=\"elementor-blockquote\">\n\t\t\t<p class=\"elementor-blockquote__content\">\n\t\t\t\t\u00ab&nbsp;L'exceptionnelle maturit\u00e9 franche et lumineuse de Volodia van Keulen.&nbsp;\u00bb\n\n\t\t\t<\/p>\n\t\t\t\t\t\t\t<div class=\"e-q-footer\">\n\t\t\t\t\t\t\t\t\t\t\t<cite class=\"elementor-blockquote__author\">CLASSICA - F\u00e9vrier 2024<\/cite>\n\t\t\t\t\t\t\t\t\t\t\t\t\t\t<\/div>\n\t\t\t\t\t<\/blockquote>\n\t\t\t\t\t\t<\/div>\n\t\t\t\t<\/div>\n\t\t\t\t<\/div>\n\t\t<div class=\"elementor-element elementor-element-9571e69 e-con-full animated-slow e-flex elementor-invisible e-con e-child\" data-id=\"9571e69\" data-element_type=\"container\" data-e-type=\"container\" data-settings=\"{&quot;animation&quot;:&quot;fadeIn&quot;}\">\n\t\t\t\t<div class=\"elementor-element elementor-element-6021557 elementor-widget elementor-widget-text-editor\" data-id=\"6021557\" data-element_type=\"widget\" data-e-type=\"widget\" data-widget_type=\"text-editor.default\">\n\t\t\t\t<div class=\"elementor-widget-container\">\n\t\t\t\t\t\t\t\t\t<p>Volodia van Keulen, jeune violoncelliste fran\u00e7ais, fascine par son jeu d&rsquo;une intensit\u00e9 rare et son charisme flamboyant. Membre fondateur du Trio Messiaen, il remporte en 2018 le premier prix du 14e concours international de musique de chambre de Lyon \u00e0 l\u2019unanimit\u00e9 avec les f\u00e9licitations du jury, ainsi que 5 prix sp\u00e9ciaux durant ce m\u00eame concours.<br \/>La m\u00eame ann\u00e9e, il enregistre un disque pour le label Mirare avec le trio Messiaen, accompagn\u00e9 du clarinettiste Rapha\u00ebl S\u00e9v\u00e8re autour des \u00ab Court Studies \u00bb de Thomas Ad\u00e8s et du \u00ab Quatuor pour la fin du temps \u00bb d\u2019Olivier Messiaen. Il est r\u00e9compens\u00e9 notamment d\u2019un \u00abDiapason d\u2019or \u00bb et d\u2019un \u00ab Choc de Classica \u00bb\u2026<\/p>\t\t\t\t\t\t\t\t<\/div>\n\t\t\t\t<\/div>\n\t\t\t\t<div class=\"elementor-element elementor-element-dd6f672 elementor-button-info elementor-widget elementor-widget-button\" data-id=\"dd6f672\" data-element_type=\"widget\" data-e-type=\"widget\" data-widget_type=\"button.default\">\n\t\t\t\t<div class=\"elementor-widget-container\">\n\t\t\t\t\t\t\t\t\t<div class=\"elementor-button-wrapper\">\n\t\t\t\t\t<a class=\"elementor-button elementor-button-link elementor-size-sm\" href=\"https:\/\/volodiavankeulen.com\/index.php\/a-propos\/\">\n\t\t\t\t\t\t<span class=\"elementor-button-content-wrapper\">\n\t\t\t\t\t\t<span class=\"elementor-button-icon\">\n\t\t\t\t<i aria-hidden=\"true\" class=\"far fa-arrow-alt-circle-right\"><\/i>\t\t\t<\/span>\n\t\t\t\t\t\t\t\t\t<span class=\"elementor-button-text\">Lire +<\/span>\n\t\t\t\t\t<\/span>\n\t\t\t\t\t<\/a>\n\t\t\t\t<\/div>\n\t\t\t\t\t\t\t\t<\/div>\n\t\t\t\t<\/div>\n\t\t\t\t<\/div>\n\t\t\t\t\t<\/div>\n\t\t\t\t<\/div>\n\t\t<div class=\"elementor-element elementor-element-36e495a e-flex e-con-boxed e-con e-parent\" data-id=\"36e495a\" data-element_type=\"container\" data-e-type=\"container\" data-settings=\"{&quot;background_background&quot;:&quot;gradient&quot;}\">\n\t\t\t\t\t<div class=\"e-con-inner\">\n\t\t\t\t<div class=\"elementor-element elementor-element-2f53131 elementor-view-default elementor-widget elementor-widget-icon\" data-id=\"2f53131\" data-element_type=\"widget\" data-e-type=\"widget\" data-widget_type=\"icon.default\">\n\t\t\t\t<div class=\"elementor-widget-container\">\n\t\t\t\t\t\t\t<div class=\"elementor-icon-wrapper\">\n\t\t\t<a class=\"elementor-icon elementor-animation-pulse-grow\" href=\"https:\/\/open.spotify.com\/intl-fr\/artist\/3vw5QeXvS3VTfgpUza5Ts2?si=4yO1ZeqiQp-gxYebAvUoRg\">\n\t\t\t<i aria-hidden=\"true\" class=\"fab fa-spotify\"><\/i>\t\t\t<\/a>\n\t\t<\/div>\n\t\t\t\t\t\t<\/div>\n\t\t\t\t<\/div>\n\t\t\t\t<div class=\"elementor-element elementor-element-1c2bbd5 elementor-widget-divider--view-line elementor-widget elementor-widget-divider\" data-id=\"1c2bbd5\" data-element_type=\"widget\" data-e-type=\"widget\" data-widget_type=\"divider.default\">\n\t\t\t\t<div class=\"elementor-widget-container\">\n\t\t\t\t\t\t\t<div class=\"elementor-divider\">\n\t\t\t<span class=\"elementor-divider-separator\">\n\t\t\t\t\t\t<\/span>\n\t\t<\/div>\n\t\t\t\t\t\t<\/div>\n\t\t\t\t<\/div>\n\t\t\t\t<div class=\"elementor-element elementor-element-265b989 elementor-widget elementor-widget-spacer\" data-id=\"265b989\" data-element_type=\"widget\" data-e-type=\"widget\" data-widget_type=\"spacer.default\">\n\t\t\t\t<div class=\"elementor-widget-container\">\n\t\t\t\t\t\t\t<div class=\"elementor-spacer\">\n\t\t\t<div class=\"elementor-spacer-inner\"><\/div>\n\t\t<\/div>\n\t\t\t\t\t\t<\/div>\n\t\t\t\t<\/div>\n\t\t\t\t<div class=\"elementor-element elementor-element-8af5ea6 elementor--h-position-center elementor--v-position-middle elementor-arrows-position-inside elementor-pagination-position-inside elementor-invisible elementor-widget elementor-widget-slides\" data-id=\"8af5ea6\" data-element_type=\"widget\" data-e-type=\"widget\" data-settings=\"{&quot;transition&quot;:&quot;fade&quot;,&quot;_animation&quot;:&quot;fadeInLeft&quot;,&quot;navigation&quot;:&quot;both&quot;,&quot;infinite&quot;:&quot;yes&quot;,&quot;transition_speed&quot;:500}\" data-widget_type=\"slides.default\">\n\t\t\t\t<div class=\"elementor-widget-container\">\n\t\t\t\t\t\t\t\t\t<div class=\"elementor-swiper\">\n\t\t\t\t\t<div class=\"elementor-slides-wrapper elementor-main-swiper swiper\" role=\"region\" aria-roledescription=\"carousel\" aria-label=\"Diapositives\" dir=\"ltr\" data-animation=\"fadeInUp\">\n\t\t\t\t<div class=\"swiper-wrapper elementor-slides\">\n\t\t\t\t\t\t\t\t\t\t<div class=\"elementor-repeater-item-7e96c6a swiper-slide\" role=\"group\" aria-roledescription=\"slide\"><div class=\"swiper-slide-bg\" role=\"img\" aria-label=\"06425229-E014-48C1-AD27-85FD6AD53047\"><\/div><div class=\"elementor-background-overlay\"><\/div><div class=\"swiper-slide-inner\" ><div class=\"swiper-slide-contents\"><div class=\"elementor-slide-heading\">Diapositive 1 Titre<\/div><div class=\"elementor-slide-description\">Lorem ipsum dolor sit amet consectetur adipiscing elit dolor<\/div><div  class=\"elementor-button elementor-slide-button elementor-size-sm\">Cliquer ici<\/div><\/div><\/div><\/div><div class=\"elementor-repeater-item-2aab33b swiper-slide\" role=\"group\" aria-roledescription=\"slide\"><div class=\"swiper-slide-bg\" role=\"img\" aria-label=\"INL19_DIGIPACK_dos\"><\/div><div class=\"elementor-background-overlay\"><\/div><div class=\"swiper-slide-inner\" ><div class=\"swiper-slide-contents\"><div class=\"elementor-slide-heading\">Diapositive 2 Titre<\/div><div class=\"elementor-slide-description\">Lorem ipsum dolor sit amet consectetur adipiscing elit dolor<\/div><div  class=\"elementor-button elementor-slide-button elementor-size-sm\">Cliquer ici<\/div><\/div><\/div><\/div>\t\t\t\t<\/div>\n\t\t\t\t\t\t\t\t\t\t\t\t\t\t\t<div class=\"elementor-swiper-button elementor-swiper-button-prev\" role=\"button\" tabindex=\"0\" aria-label=\"Diapositive pr\u00e9c\u00e9dente\">\n\t\t\t\t\t\t\t<i aria-hidden=\"true\" class=\"eicon-chevron-left\"><\/i>\t\t\t\t\t\t<\/div>\n\t\t\t\t\t\t<div class=\"elementor-swiper-button elementor-swiper-button-next\" role=\"button\" tabindex=\"0\" aria-label=\"Diapositive suivante\">\n\t\t\t\t\t\t\t<i aria-hidden=\"true\" class=\"eicon-chevron-right\"><\/i>\t\t\t\t\t\t<\/div>\n\t\t\t\t\t\t\t\t\t\t\t\t\t\t\t\t<div class=\"swiper-pagination\"><\/div>\n\t\t\t\t\t\t\t\t\t\t\t\t<\/div>\n\t\t\t\t<\/div>\n\t\t\t\t\t\t\t\t<\/div>\n\t\t\t\t<\/div>\n\t\t\t\t<div class=\"elementor-element elementor-element-a9bea73 elementor-button-info elementor-align-center elementor-mobile-align-center elementor-widget elementor-widget-button\" data-id=\"a9bea73\" data-element_type=\"widget\" data-e-type=\"widget\" data-widget_type=\"button.default\">\n\t\t\t\t<div class=\"elementor-widget-container\">\n\t\t\t\t\t\t\t\t\t<div class=\"elementor-button-wrapper\">\n\t\t\t\t\t<a class=\"elementor-button elementor-button-link elementor-size-sm\" href=\"https:\/\/volodiavankeulen.com\/index.php\/boutique\/\">\n\t\t\t\t\t\t<span class=\"elementor-button-content-wrapper\">\n\t\t\t\t\t\t\t\t\t<span class=\"elementor-button-text\">En savoir +<\/span>\n\t\t\t\t\t<\/span>\n\t\t\t\t\t<\/a>\n\t\t\t\t<\/div>\n\t\t\t\t\t\t\t\t<\/div>\n\t\t\t\t<\/div>\n\t\t\t\t<div class=\"elementor-element elementor-element-020b53d elementor-widget elementor-widget-spacer\" data-id=\"020b53d\" data-element_type=\"widget\" data-e-type=\"widget\" data-widget_type=\"spacer.default\">\n\t\t\t\t<div class=\"elementor-widget-container\">\n\t\t\t\t\t\t\t<div class=\"elementor-spacer\">\n\t\t\t<div class=\"elementor-spacer-inner\"><\/div>\n\t\t<\/div>\n\t\t\t\t\t\t<\/div>\n\t\t\t\t<\/div>\n\t\t\t\t\t<\/div>\n\t\t\t\t<\/div>\n\t\t<div class=\"elementor-element elementor-element-2ee6eea e-flex e-con-boxed e-con e-parent\" data-id=\"2ee6eea\" data-element_type=\"container\" data-e-type=\"container\" data-settings=\"{&quot;background_background&quot;:&quot;video&quot;,&quot;background_video_link&quot;:&quot;https:\\\/\\\/www.youtube.com\\\/watch?embeds_widget_referrer=https%3A%2F%2Fvolodiavankeulen.com%2Fwp-admin%2Fpost.php%3Fpost%3D1698%26action%3Delementor&amp;embeds_referring_euri=https%3A%2F%2Fvolodiavankeulen.com%2F&amp;embeds_referring_origin=https%3A%2F%2Fvolodiavankeulen.com&amp;source_ve_path=MzY4NDIsMjg2NjQsMTY0NTAz&amp;v=FAOVopTfjDk&amp;feature=youtu.be&quot;,&quot;background_play_on_mobile&quot;:&quot;yes&quot;}\">\n\t\t\t\t\t<div class=\"e-con-inner\">\n\t\t<div class=\"elementor-background-video-container\">\n\t\t\t\t\t\t\t<div class=\"elementor-background-video-embed\" role=\"presentation\"><\/div>\n\t\t\t\t\t\t<\/div>\t\t\t<\/div>\n\t\t\t\t<\/div>\n\t\t\t\t<\/div>\n\t\t","protected":false},"excerpt":{"rendered":"<p>VOLODIA VAN KEULEN \u00ab&nbsp;L&rsquo;exceptionnelle maturit\u00e9 franche et lumineuse de Volodia van Keulen.&nbsp;\u00bb CLASSICA &#8211; F\u00e9vrier 2024 Volodia van Keulen, jeune violoncelliste fran\u00e7ais, fascine par son jeu d&rsquo;une intensit\u00e9 rare et son charisme flamboyant. Membre fondateur du Trio Messiaen, il remporte en 2018 le premier prix du 14e concours international de musique de chambre de Lyon &hellip;<\/p>\n<p class=\"read-more\"> <a class=\"ast-button\" href=\"https:\/\/volodiavankeulen.com\/\"> <span class=\"screen-reader-text\">Volodia van Keulen<\/span> +<\/a><\/p>\n","protected":false},"author":1,"featured_media":1942,"parent":0,"menu_order":0,"comment_status":"closed","ping_status":"closed","template":"","meta":{"site-sidebar-layout":"no-sidebar","site-content-layout":"page-builder","ast-global-header-display":"","ast-main-header-display":"","ast-hfb-above-header-display":"","ast-hfb-below-header-display":"","ast-hfb-mobile-header-display":"","site-post-title":"disabled","ast-breadcrumbs-content":"","ast-featured-img":"disabled","footer-sml-layout":"","theme-transparent-header-meta":"","adv-header-id-meta":"","stick-header-meta":"","header-above-stick-meta":"","header-main-stick-meta":"","header-below-stick-meta":"","footnotes":""},"class_list":["post-1109","page","type-page","status-publish","has-post-thumbnail","hentry"],"yoast_head":"<!-- This site is optimized with the Yoast SEO plugin v26.8 - https:\/\/yoast.com\/product\/yoast-seo-wordpress\/ -->\n<title>Volodia van Keulen - Violoncelle - site officiel<\/title>\n<meta name=\"description\" content=\"Volodia van Keulen, jeune violoncelliste fran\u00e7ais, fascine par son jeu d&#039;une intensit\u00e9 rare et son charisme flamboyant.\" \/>\n<meta name=\"robots\" content=\"index, follow, max-snippet:-1, max-image-preview:large, max-video-preview:-1\" \/>\n<link rel=\"canonical\" href=\"https:\/\/volodiavankeulen.com\/\" \/>\n<meta property=\"og:locale\" content=\"fr_FR\" \/>\n<meta property=\"og:type\" content=\"article\" \/>\n<meta property=\"og:title\" content=\"Volodia van Keulen - Violoncelle - site officiel\" \/>\n<meta property=\"og:description\" content=\"Volodia van Keulen, jeune violoncelliste fran\u00e7ais, fascine par son jeu d&#039;une intensit\u00e9 rare et son charisme flamboyant.\" \/>\n<meta property=\"og:url\" content=\"https:\/\/volodiavankeulen.com\/\" \/>\n<meta property=\"article:publisher\" content=\"https:\/\/www.facebook.com\/volodia.vankeulen\" \/>\n<meta property=\"article:modified_time\" content=\"2025-08-03T09:47:42+00:00\" \/>\n<meta property=\"og:image\" content=\"https:\/\/volodiavankeulen.com\/wp-content\/uploads\/2025\/01\/IMG_5779.jpeg\" \/>\n\t<meta property=\"og:image:width\" content=\"1365\" \/>\n\t<meta property=\"og:image:height\" content=\"2048\" \/>\n\t<meta property=\"og:image:type\" content=\"image\/jpeg\" \/>\n<meta name=\"twitter:card\" content=\"summary_large_image\" \/>\n<meta name=\"twitter:label1\" content=\"Dur\u00e9e de lecture estim\u00e9e\" \/>\n\t<meta name=\"twitter:data1\" content=\"1 minute\" \/>\n<script type=\"application\/ld+json\" class=\"yoast-schema-graph\">{\"@context\":\"https:\/\/schema.org\",\"@graph\":[{\"@type\":[\"WebPage\",\"SearchResultsPage\"],\"@id\":\"https:\/\/volodiavankeulen.com\/\",\"url\":\"https:\/\/volodiavankeulen.com\/\",\"name\":\"Volodia van Keulen - Violoncelle - site officiel\",\"isPartOf\":{\"@id\":\"https:\/\/volodiavankeulen.com\/#website\"},\"primaryImageOfPage\":{\"@id\":\"https:\/\/volodiavankeulen.com\/#primaryimage\"},\"image\":{\"@id\":\"https:\/\/volodiavankeulen.com\/#primaryimage\"},\"thumbnailUrl\":\"https:\/\/volodiavankeulen.com\/wp-content\/uploads\/2025\/01\/IMG_5779.jpeg\",\"datePublished\":\"2023-02-16T16:11:59+00:00\",\"dateModified\":\"2025-08-03T09:47:42+00:00\",\"description\":\"Volodia van Keulen, jeune violoncelliste fran\u00e7ais, fascine par son jeu d'une intensit\u00e9 rare et son charisme flamboyant.\",\"breadcrumb\":{\"@id\":\"https:\/\/volodiavankeulen.com\/#breadcrumb\"},\"inLanguage\":\"fr-FR\",\"potentialAction\":[{\"@type\":\"ReadAction\",\"target\":[\"https:\/\/volodiavankeulen.com\/\"]}]},{\"@type\":\"ImageObject\",\"inLanguage\":\"fr-FR\",\"@id\":\"https:\/\/volodiavankeulen.com\/#primaryimage\",\"url\":\"https:\/\/volodiavankeulen.com\/wp-content\/uploads\/2025\/01\/IMG_5779.jpeg\",\"contentUrl\":\"https:\/\/volodiavankeulen.com\/wp-content\/uploads\/2025\/01\/IMG_5779.jpeg\",\"width\":1365,\"height\":2048},{\"@type\":\"BreadcrumbList\",\"@id\":\"https:\/\/volodiavankeulen.com\/#breadcrumb\",\"itemListElement\":[{\"@type\":\"ListItem\",\"position\":1,\"name\":\"Accueil\",\"item\":\"https:\/\/volodiavankeulen.com\/\"},{\"@type\":\"ListItem\",\"position\":2,\"name\":\"Volodia van Keulen\"}]},{\"@type\":\"WebSite\",\"@id\":\"https:\/\/volodiavankeulen.com\/#website\",\"url\":\"https:\/\/volodiavankeulen.com\/\",\"name\":\"Volodia van Keulen\",\"description\":\"\",\"publisher\":{\"@id\":\"https:\/\/volodiavankeulen.com\/#\/schema\/person\/d1b4b84f2c13550f5b4814b5c85835b1\"},\"potentialAction\":[{\"@type\":\"SearchAction\",\"target\":{\"@type\":\"EntryPoint\",\"urlTemplate\":\"https:\/\/volodiavankeulen.com\/?s={search_term_string}\"},\"query-input\":{\"@type\":\"PropertyValueSpecification\",\"valueRequired\":true,\"valueName\":\"search_term_string\"}}],\"inLanguage\":\"fr-FR\"},{\"@type\":[\"Person\",\"Organization\"],\"@id\":\"https:\/\/volodiavankeulen.com\/#\/schema\/person\/d1b4b84f2c13550f5b4814b5c85835b1\",\"name\":\"Volodia van Keulen\",\"image\":{\"@type\":\"ImageObject\",\"inLanguage\":\"fr-FR\",\"@id\":\"https:\/\/volodiavankeulen.com\/#\/schema\/person\/image\/\",\"url\":\"https:\/\/volodiavankeulen.com\/wp-content\/uploads\/2024\/03\/kronberg.jpg\",\"contentUrl\":\"https:\/\/volodiavankeulen.com\/wp-content\/uploads\/2024\/03\/kronberg.jpg\",\"width\":960,\"height\":641,\"caption\":\"Volodia van Keulen\"},\"logo\":{\"@id\":\"https:\/\/volodiavankeulen.com\/#\/schema\/person\/image\/\"},\"description\":\"Volodia van Keulen, jeune violoncelliste fran\u00e7ais, fascine par son jeu d'une intensit\u00e9 rare et son charisme flamboyant. Form\u00e9 au Conservatoire National Sup\u00e9rieur de Paris, il a brill\u00e9 sur les sc\u00e8nes internationales les plus prestigieuses. Il est \u00e9galement membre fondateur du Trio Messiaen, form\u00e9 en 2014, qui a remport\u00e9 plusieurs prix prestigieux, dont le premier prix du Concours international de musique de chambre de Lyon en 2018. Musicien curieux et audacieux, il enrichit son univers musical par la pratique de la musique d'Inde du nord et du Sitar, \u00e0 travers diverses collaborations, notamment avec le fl\u00fbtiste Samuel Bricault au sein du duo Badmash.\",\"sameAs\":[\"http:\/\/volodiavankeulen.com\",\"https:\/\/www.facebook.com\/volodia.vankeulen\",\"https:\/\/www.instagram.com\/volodiavk?igsh=MXFhMGY2cmlnc3Q2cg==\"]}]}<\/script>\n<!-- \/ Yoast SEO plugin. -->","yoast_head_json":{"title":"Volodia van Keulen - Violoncelle - site officiel","description":"Volodia van Keulen, jeune violoncelliste fran\u00e7ais, fascine par son jeu d'une intensit\u00e9 rare et son charisme flamboyant.","robots":{"index":"index","follow":"follow","max-snippet":"max-snippet:-1","max-image-preview":"max-image-preview:large","max-video-preview":"max-video-preview:-1"},"canonical":"https:\/\/volodiavankeulen.com\/","og_locale":"fr_FR","og_type":"article","og_title":"Volodia van Keulen - Violoncelle - site officiel","og_description":"Volodia van Keulen, jeune violoncelliste fran\u00e7ais, fascine par son jeu d'une intensit\u00e9 rare et son charisme flamboyant.","og_url":"https:\/\/volodiavankeulen.com\/","article_publisher":"https:\/\/www.facebook.com\/volodia.vankeulen","article_modified_time":"2025-08-03T09:47:42+00:00","og_image":[{"width":1365,"height":2048,"url":"https:\/\/volodiavankeulen.com\/wp-content\/uploads\/2025\/01\/IMG_5779.jpeg","type":"image\/jpeg"}],"twitter_card":"summary_large_image","twitter_misc":{"Dur\u00e9e de lecture estim\u00e9e":"1 minute"},"schema":{"@context":"https:\/\/schema.org","@graph":[{"@type":["WebPage","SearchResultsPage"],"@id":"https:\/\/volodiavankeulen.com\/","url":"https:\/\/volodiavankeulen.com\/","name":"Volodia van Keulen - Violoncelle - site officiel","isPartOf":{"@id":"https:\/\/volodiavankeulen.com\/#website"},"primaryImageOfPage":{"@id":"https:\/\/volodiavankeulen.com\/#primaryimage"},"image":{"@id":"https:\/\/volodiavankeulen.com\/#primaryimage"},"thumbnailUrl":"https:\/\/volodiavankeulen.com\/wp-content\/uploads\/2025\/01\/IMG_5779.jpeg","datePublished":"2023-02-16T16:11:59+00:00","dateModified":"2025-08-03T09:47:42+00:00","description":"Volodia van Keulen, jeune violoncelliste fran\u00e7ais, fascine par son jeu d'une intensit\u00e9 rare et son charisme flamboyant.","breadcrumb":{"@id":"https:\/\/volodiavankeulen.com\/#breadcrumb"},"inLanguage":"fr-FR","potentialAction":[{"@type":"ReadAction","target":["https:\/\/volodiavankeulen.com\/"]}]},{"@type":"ImageObject","inLanguage":"fr-FR","@id":"https:\/\/volodiavankeulen.com\/#primaryimage","url":"https:\/\/volodiavankeulen.com\/wp-content\/uploads\/2025\/01\/IMG_5779.jpeg","contentUrl":"https:\/\/volodiavankeulen.com\/wp-content\/uploads\/2025\/01\/IMG_5779.jpeg","width":1365,"height":2048},{"@type":"BreadcrumbList","@id":"https:\/\/volodiavankeulen.com\/#breadcrumb","itemListElement":[{"@type":"ListItem","position":1,"name":"Accueil","item":"https:\/\/volodiavankeulen.com\/"},{"@type":"ListItem","position":2,"name":"Volodia van Keulen"}]},{"@type":"WebSite","@id":"https:\/\/volodiavankeulen.com\/#website","url":"https:\/\/volodiavankeulen.com\/","name":"Volodia van Keulen","description":"","publisher":{"@id":"https:\/\/volodiavankeulen.com\/#\/schema\/person\/d1b4b84f2c13550f5b4814b5c85835b1"},"potentialAction":[{"@type":"SearchAction","target":{"@type":"EntryPoint","urlTemplate":"https:\/\/volodiavankeulen.com\/?s={search_term_string}"},"query-input":{"@type":"PropertyValueSpecification","valueRequired":true,"valueName":"search_term_string"}}],"inLanguage":"fr-FR"},{"@type":["Person","Organization"],"@id":"https:\/\/volodiavankeulen.com\/#\/schema\/person\/d1b4b84f2c13550f5b4814b5c85835b1","name":"Volodia van Keulen","image":{"@type":"ImageObject","inLanguage":"fr-FR","@id":"https:\/\/volodiavankeulen.com\/#\/schema\/person\/image\/","url":"https:\/\/volodiavankeulen.com\/wp-content\/uploads\/2024\/03\/kronberg.jpg","contentUrl":"https:\/\/volodiavankeulen.com\/wp-content\/uploads\/2024\/03\/kronberg.jpg","width":960,"height":641,"caption":"Volodia van Keulen"},"logo":{"@id":"https:\/\/volodiavankeulen.com\/#\/schema\/person\/image\/"},"description":"Volodia van Keulen, jeune violoncelliste fran\u00e7ais, fascine par son jeu d'une intensit\u00e9 rare et son charisme flamboyant. Form\u00e9 au Conservatoire National Sup\u00e9rieur de Paris, il a brill\u00e9 sur les sc\u00e8nes internationales les plus prestigieuses. Il est \u00e9galement membre fondateur du Trio Messiaen, form\u00e9 en 2014, qui a remport\u00e9 plusieurs prix prestigieux, dont le premier prix du Concours international de musique de chambre de Lyon en 2018. Musicien curieux et audacieux, il enrichit son univers musical par la pratique de la musique d'Inde du nord et du Sitar, \u00e0 travers diverses collaborations, notamment avec le fl\u00fbtiste Samuel Bricault au sein du duo Badmash.","sameAs":["http:\/\/volodiavankeulen.com","https:\/\/www.facebook.com\/volodia.vankeulen","https:\/\/www.instagram.com\/volodiavk?igsh=MXFhMGY2cmlnc3Q2cg=="]}]}},"jetpack_sharing_enabled":true,"_links":{"self":[{"href":"https:\/\/volodiavankeulen.com\/index.php\/wp-json\/wp\/v2\/pages\/1109","targetHints":{"allow":["GET"]}}],"collection":[{"href":"https:\/\/volodiavankeulen.com\/index.php\/wp-json\/wp\/v2\/pages"}],"about":[{"href":"https:\/\/volodiavankeulen.com\/index.php\/wp-json\/wp\/v2\/types\/page"}],"author":[{"embeddable":true,"href":"https:\/\/volodiavankeulen.com\/index.php\/wp-json\/wp\/v2\/users\/1"}],"replies":[{"embeddable":true,"href":"https:\/\/volodiavankeulen.com\/index.php\/wp-json\/wp\/v2\/comments?post=1109"}],"version-history":[{"count":202,"href":"https:\/\/volodiavankeulen.com\/index.php\/wp-json\/wp\/v2\/pages\/1109\/revisions"}],"predecessor-version":[{"id":2496,"href":"https:\/\/volodiavankeulen.com\/index.php\/wp-json\/wp\/v2\/pages\/1109\/revisions\/2496"}],"wp:featuredmedia":[{"embeddable":true,"href":"https:\/\/volodiavankeulen.com\/index.php\/wp-json\/wp\/v2\/media\/1942"}],"wp:attachment":[{"href":"https:\/\/volodiavankeulen.com\/index.php\/wp-json\/wp\/v2\/media?parent=1109"}],"curies":[{"name":"wp","href":"https:\/\/api.w.org\/{rel}","templated":true}]}}