{"id":2435,"date":"2025-08-02T13:48:26","date_gmt":"2025-08-02T11:48:26","guid":{"rendered":"https:\/\/volodiavankeulen.com\/?page_id=2435"},"modified":"2025-08-03T11:37:31","modified_gmt":"2025-08-03T09:37:31","slug":"duo-van-keulen-hattat","status":"publish","type":"page","link":"https:\/\/volodiavankeulen.com\/index.php\/duo-van-keulen-hattat\/","title":{"rendered":"Duo van Keulen\/Hattat"},"content":{"rendered":"\t\t<div data-elementor-type=\"wp-page\" data-elementor-id=\"2435\" class=\"elementor elementor-2435\" data-elementor-post-type=\"page\">\n\t\t\t\t<div class=\"elementor-element elementor-element-44d82aa e-flex e-con-boxed e-con e-parent\" data-id=\"44d82aa\" data-element_type=\"container\" data-e-type=\"container\">\n\t\t\t\t\t<div class=\"e-con-inner\">\n\t\t<div class=\"elementor-element elementor-element-8da4a8a e-con-full e-flex e-con e-child\" data-id=\"8da4a8a\" data-element_type=\"container\" data-e-type=\"container\">\n\t\t\t\t<div class=\"elementor-element elementor-element-abc1bde elementor-widget elementor-widget-image\" data-id=\"abc1bde\" data-element_type=\"widget\" data-e-type=\"widget\" data-widget_type=\"image.default\">\n\t\t\t\t<div class=\"elementor-widget-container\">\n\t\t\t\t\t\t\t\t\t\t\t\t\t\t\t<img fetchpriority=\"high\" decoding=\"async\" width=\"683\" height=\"1024\" src=\"https:\/\/volodiavankeulen.com\/wp-content\/uploads\/2025\/08\/DSCF8190-683x1024.jpg\" class=\"attachment-large size-large wp-image-2441\" alt=\"\" srcset=\"https:\/\/volodiavankeulen.com\/wp-content\/uploads\/2025\/08\/DSCF8190-683x1024.jpg 683w, https:\/\/volodiavankeulen.com\/wp-content\/uploads\/2025\/08\/DSCF8190-200x300.jpg 200w, https:\/\/volodiavankeulen.com\/wp-content\/uploads\/2025\/08\/DSCF8190-768x1152.jpg 768w, https:\/\/volodiavankeulen.com\/wp-content\/uploads\/2025\/08\/DSCF8190-1024x1536.jpg 1024w, https:\/\/volodiavankeulen.com\/wp-content\/uploads\/2025\/08\/DSCF8190-1365x2048.jpg 1365w, https:\/\/volodiavankeulen.com\/wp-content\/uploads\/2025\/08\/DSCF8190-scaled.jpg 1707w\" sizes=\"(max-width: 683px) 100vw, 683px\" \/>\t\t\t\t\t\t\t\t\t\t\t\t\t\t\t<\/div>\n\t\t\t\t<\/div>\n\t\t\t\t<\/div>\n\t\t<div class=\"elementor-element elementor-element-ecc3404 e-con-full e-flex e-con e-child\" data-id=\"ecc3404\" data-element_type=\"container\" data-e-type=\"container\">\n\t\t<div class=\"elementor-element elementor-element-2d4a3e9 e-con-full e-flex e-con e-child\" data-id=\"2d4a3e9\" data-element_type=\"container\" data-e-type=\"container\">\n\t\t\t\t<div class=\"elementor-element elementor-element-ecd3e0f elementor-widget elementor-widget-heading\" data-id=\"ecd3e0f\" data-element_type=\"widget\" data-e-type=\"widget\" data-widget_type=\"heading.default\">\n\t\t\t\t<div class=\"elementor-widget-container\">\n\t\t\t\t\t<h2 class=\"elementor-heading-title elementor-size-default\">Programmes<\/h2>\t\t\t\t<\/div>\n\t\t\t\t<\/div>\n\t\t\t\t<div class=\"elementor-element elementor-element-bcc61e4 elementor-widget-divider--view-line elementor-widget elementor-widget-divider\" data-id=\"bcc61e4\" data-element_type=\"widget\" data-e-type=\"widget\" data-widget_type=\"divider.default\">\n\t\t\t\t<div class=\"elementor-widget-container\">\n\t\t\t\t\t\t\t<div class=\"elementor-divider\">\n\t\t\t<span class=\"elementor-divider-separator\">\n\t\t\t\t\t\t<\/span>\n\t\t<\/div>\n\t\t\t\t\t\t<\/div>\n\t\t\t\t<\/div>\n\t\t\t\t<div class=\"elementor-element elementor-element-396e3e0 elementor-widget elementor-widget-heading\" data-id=\"396e3e0\" data-element_type=\"widget\" data-e-type=\"widget\" data-widget_type=\"heading.default\">\n\t\t\t\t<div class=\"elementor-widget-container\">\n\t\t\t\t\t<h2 class=\"elementor-heading-title elementor-size-default\"><u>Schubert VS Mendelssohn<\/u><\/h2>\t\t\t\t<\/div>\n\t\t\t\t<\/div>\n\t\t\t\t<div class=\"elementor-element elementor-element-1e051e0 elementor-widget elementor-widget-text-editor\" data-id=\"1e051e0\" data-element_type=\"widget\" data-e-type=\"widget\" data-widget_type=\"text-editor.default\">\n\t\t\t\t<div class=\"elementor-widget-container\">\n\t\t\t\t\t\t\t\t\t<p><b style=\"font-style: inherit;\">FELIX MENDELSSOHN<\/b><\/p><p>&#8211; 2eme sonate pour piano et violoncelle en R\u00e9 Majeur<\/p><p>-S\u00e9lection de lieder<\/p><p><b>FRANZ SCHUBERT\u00a0<\/b><\/p><p>-S\u00e9lection de lieder<\/p><p>-Sonate pour Arpeggione et piano D. 821<\/p><p>(dur\u00e9e 1h30)<\/p>\t\t\t\t\t\t\t\t<\/div>\n\t\t\t\t<\/div>\n\t\t\t\t<div class=\"elementor-element elementor-element-f50b032 elementor-widget-divider--view-line elementor-widget elementor-widget-divider\" data-id=\"f50b032\" data-element_type=\"widget\" data-e-type=\"widget\" data-widget_type=\"divider.default\">\n\t\t\t\t<div class=\"elementor-widget-container\">\n\t\t\t\t\t\t\t<div class=\"elementor-divider\">\n\t\t\t<span class=\"elementor-divider-separator\">\n\t\t\t\t\t\t<\/span>\n\t\t<\/div>\n\t\t\t\t\t\t<\/div>\n\t\t\t\t<\/div>\n\t\t\t\t<\/div>\n\t\t<div class=\"elementor-element elementor-element-aeb59ed e-con-full e-flex e-con e-child\" data-id=\"aeb59ed\" data-element_type=\"container\" data-e-type=\"container\">\n\t\t\t\t<div class=\"elementor-element elementor-element-8bdb8c8 elementor-widget elementor-widget-heading\" data-id=\"8bdb8c8\" data-element_type=\"widget\" data-e-type=\"widget\" data-widget_type=\"heading.default\">\n\t\t\t\t<div class=\"elementor-widget-container\">\n\t\t\t\t\t<h2 class=\"elementor-heading-title elementor-size-default\"><u>Ballet Russe<\/u><\/h2>\t\t\t\t<\/div>\n\t\t\t\t<\/div>\n\t\t\t\t<div class=\"elementor-element elementor-element-078cd85 elementor-widget elementor-widget-text-editor\" data-id=\"078cd85\" data-element_type=\"widget\" data-e-type=\"widget\" data-widget_type=\"text-editor.default\">\n\t\t\t\t<div class=\"elementor-widget-container\">\n\t\t\t\t\t\t\t\t\t<p><b style=\"font-style: inherit;\">IGOR STRAVINSKY<\/b><\/p><p><span style=\"font-style: inherit; font-weight: inherit;\">-Suite italienne d&rsquo;apr\u00e9s \u00ab\u00a0Pulcinella\u00a0\u00bb (arr. Piatigorsky<\/span><span style=\"font-style: inherit; font-weight: inherit;\">\u00a0)<\/span><\/p><p><b>ALFRED SCHNITTKE\u00a0<\/b><\/p><p><span style=\"font-style: inherit; font-weight: inherit;\">-Sonate n.1 pour violoncelle et piano<\/span><\/p><p><span style=\"font-style: inherit;\"><b>SERGE RACHMANINOV<\/b><\/span><\/p><p><span style=\"font-style: inherit; font-weight: inherit;\">-Sonate pour violoncelle et piano op. 19<\/span><\/p><p>(dur\u00e9e 1h30)<\/p>\t\t\t\t\t\t\t\t<\/div>\n\t\t\t\t<\/div>\n\t\t\t\t<div class=\"elementor-element elementor-element-545d004 elementor-widget-divider--view-line elementor-widget elementor-widget-divider\" data-id=\"545d004\" data-element_type=\"widget\" data-e-type=\"widget\" data-widget_type=\"divider.default\">\n\t\t\t\t<div class=\"elementor-widget-container\">\n\t\t\t\t\t\t\t<div class=\"elementor-divider\">\n\t\t\t<span class=\"elementor-divider-separator\">\n\t\t\t\t\t\t<\/span>\n\t\t<\/div>\n\t\t\t\t\t\t<\/div>\n\t\t\t\t<\/div>\n\t\t\t\t<\/div>\n\t\t\t\t<\/div>\n\t\t\t\t\t<\/div>\n\t\t\t\t<\/div>\n\t\t<div class=\"elementor-element elementor-element-5af8d15 e-flex e-con-boxed e-con e-parent\" data-id=\"5af8d15\" data-element_type=\"container\" data-e-type=\"container\">\n\t\t\t\t\t<div class=\"e-con-inner\">\n\t\t<div class=\"elementor-element elementor-element-475fc2e e-con-full e-flex e-con e-child\" data-id=\"475fc2e\" data-element_type=\"container\" data-e-type=\"container\">\n\t\t\t\t<div class=\"elementor-element elementor-element-c201a9f elementor-widget elementor-widget-heading\" data-id=\"c201a9f\" data-element_type=\"widget\" data-e-type=\"widget\" data-widget_type=\"heading.default\">\n\t\t\t\t<div class=\"elementor-widget-container\">\n\t\t\t\t\t<h2 class=\"elementor-heading-title elementor-size-default\"><u>M\u00e9moires d\u2019\u00e2mes et de terres<\/u><\/h2>\t\t\t\t<\/div>\n\t\t\t\t<\/div>\n\t\t\t\t<div class=\"elementor-element elementor-element-949dac2 elementor-widget elementor-widget-text-editor\" data-id=\"949dac2\" data-element_type=\"widget\" data-e-type=\"widget\" data-widget_type=\"text-editor.default\">\n\t\t\t\t<div class=\"elementor-widget-container\">\n\t\t\t\t\t\t\t\t\t<p><b>SULKHAN TSINTSADZE\u00a0<\/b><\/p><p>-Cinq pi\u00e8ces sur des th\u00e8mes folkloriques<\/p><p><b>ALFRED SCHNITTKE\u00a0<\/b><\/p><p>-Sonate n\u00b0 1 ( 1978)<\/p><p><b>LEOS JANACEK<\/b><\/p><p>-\u00ab\u00a0Pohadka\u00a0\u00bb<\/p><p><b>ASTOR PIAZZOLLA\u00a0<\/b><\/p><p>-Le Grand Tango<\/p>\t\t\t\t\t\t\t\t<\/div>\n\t\t\t\t<\/div>\n\t\t\t\t<div class=\"elementor-element elementor-element-3595e71 elementor-widget elementor-widget-button\" data-id=\"3595e71\" data-element_type=\"widget\" data-e-type=\"widget\" data-widget_type=\"button.default\">\n\t\t\t\t<div class=\"elementor-widget-container\">\n\t\t\t\t\t\t\t\t\t<div class=\"elementor-button-wrapper\">\n\t\t\t\t\t<a class=\"elementor-button elementor-button-link elementor-size-sm\" href=\"https:\/\/volodiavankeulen.com\/index.php\/elementor-2466\/\">\n\t\t\t\t\t\t<span class=\"elementor-button-content-wrapper\">\n\t\t\t\t\t\t\t\t\t<span class=\"elementor-button-text\">Note<\/span>\n\t\t\t\t\t<\/span>\n\t\t\t\t\t<\/a>\n\t\t\t\t<\/div>\n\t\t\t\t\t\t\t\t<\/div>\n\t\t\t\t<\/div>\n\t\t\t\t<div class=\"elementor-element elementor-element-ab3c7d1 elementor-hidden-desktop elementor-widget-divider--view-line elementor-widget elementor-widget-divider\" data-id=\"ab3c7d1\" data-element_type=\"widget\" data-e-type=\"widget\" data-widget_type=\"divider.default\">\n\t\t\t\t<div class=\"elementor-widget-container\">\n\t\t\t\t\t\t\t<div class=\"elementor-divider\">\n\t\t\t<span class=\"elementor-divider-separator\">\n\t\t\t\t\t\t<\/span>\n\t\t<\/div>\n\t\t\t\t\t\t<\/div>\n\t\t\t\t<\/div>\n\t\t\t\t<\/div>\n\t\t<div class=\"elementor-element elementor-element-bd13814 e-con-full e-flex e-con e-child\" data-id=\"bd13814\" data-element_type=\"container\" data-e-type=\"container\">\n\t\t\t\t<div class=\"elementor-element elementor-element-3d99da6 elementor-widget elementor-widget-heading\" data-id=\"3d99da6\" data-element_type=\"widget\" data-e-type=\"widget\" data-widget_type=\"heading.default\">\n\t\t\t\t<div class=\"elementor-widget-container\">\n\t\t\t\t\t<h2 class=\"elementor-heading-title elementor-size-default\"><u>Brahms Saga<\/u><\/h2>\t\t\t\t<\/div>\n\t\t\t\t<\/div>\n\t\t\t\t<div class=\"elementor-element elementor-element-106f1dd elementor-widget elementor-widget-text-editor\" data-id=\"106f1dd\" data-element_type=\"widget\" data-e-type=\"widget\" data-widget_type=\"text-editor.default\">\n\t\t\t\t<div class=\"elementor-widget-container\">\n\t\t\t\t\t\t\t\t\t<p><b>JOHANES BRAHMS<\/b><\/p><p>&#8211; Sonate n.1 en Mi mineur pour piano et violoncelle<\/p><p>&#8211; S\u00e9lection de lieder (arr. volodia van Keulen)<\/p><p>-S\u00e9lection de danses hongroises (arr. volodia van Keulen)<\/p><p>-Sonate n.2 en Fa Majeur pour piano et violoncelle<\/p>\t\t\t\t\t\t\t\t<\/div>\n\t\t\t\t<\/div>\n\t\t\t\t<\/div>\n\t\t\t\t\t<\/div>\n\t\t\t\t<\/div>\n\t\t<div class=\"elementor-element elementor-element-2d2491d e-flex e-con-boxed e-con e-parent\" data-id=\"2d2491d\" data-element_type=\"container\" data-e-type=\"container\">\n\t\t\t\t\t<div class=\"e-con-inner\">\n\t\t<div class=\"elementor-element elementor-element-f1ad6b1 e-con-full e-flex e-con e-child\" data-id=\"f1ad6b1\" data-element_type=\"container\" data-e-type=\"container\">\n\t\t\t\t<div class=\"elementor-element elementor-element-ff426ea elementor-widget elementor-widget-video\" data-id=\"ff426ea\" data-element_type=\"widget\" data-e-type=\"widget\" data-settings=\"{&quot;youtube_url&quot;:&quot;https:\\\/\\\/youtu.be\\\/jmyqb0DQfTM&quot;,&quot;show_image_overlay&quot;:&quot;yes&quot;,&quot;image_overlay&quot;:{&quot;url&quot;:&quot;https:\\\/\\\/volodiavankeulen.com\\\/wp-content\\\/uploads\\\/2025\\\/08\\\/Capture-decran-2025-08-03-103206.png&quot;,&quot;id&quot;:2449,&quot;size&quot;:&quot;&quot;,&quot;alt&quot;:&quot;&quot;,&quot;source&quot;:&quot;library&quot;},&quot;video_type&quot;:&quot;youtube&quot;,&quot;controls&quot;:&quot;yes&quot;}\" data-widget_type=\"video.default\">\n\t\t\t\t<div class=\"elementor-widget-container\">\n\t\t\t\t\t\t\t<div class=\"elementor-wrapper elementor-open-inline\">\n\t\t\t<div class=\"elementor-video\"><\/div>\t\t\t\t<div class=\"elementor-custom-embed-image-overlay\" style=\"background-image: url(https:\/\/volodiavankeulen.com\/wp-content\/uploads\/2025\/08\/Capture-decran-2025-08-03-103206.png);\">\n\t\t\t\t\t\t\t\t\t\t\t\t\t\t\t\t<div class=\"elementor-custom-embed-play\" role=\"button\" aria-label=\"Lire la vid\u00e9o\" tabindex=\"0\">\n\t\t\t\t\t\t\t<i aria-hidden=\"true\" class=\"eicon-play\"><\/i>\t\t\t\t\t\t<\/div>\n\t\t\t\t\t\t\t\t\t<\/div>\n\t\t\t\t\t<\/div>\n\t\t\t\t\t\t<\/div>\n\t\t\t\t<\/div>\n\t\t\t\t<\/div>\n\t\t<div class=\"elementor-element elementor-element-0cab65a e-con-full e-flex e-con e-child\" data-id=\"0cab65a\" data-element_type=\"container\" data-e-type=\"container\">\n\t\t\t\t<div class=\"elementor-element elementor-element-a22621c elementor-widget elementor-widget-video\" data-id=\"a22621c\" data-element_type=\"widget\" data-e-type=\"widget\" data-settings=\"{&quot;youtube_url&quot;:&quot;https:\\\/\\\/www.youtube.com\\\/watch?v=crhVnzHGUHY&quot;,&quot;show_image_overlay&quot;:&quot;yes&quot;,&quot;image_overlay&quot;:{&quot;url&quot;:&quot;https:\\\/\\\/volodiavankeulen.com\\\/wp-content\\\/uploads\\\/2025\\\/08\\\/Capture-decran-2025-08-02-133729.png&quot;,&quot;id&quot;:2437,&quot;size&quot;:&quot;&quot;,&quot;alt&quot;:&quot;&quot;,&quot;source&quot;:&quot;library&quot;},&quot;video_type&quot;:&quot;youtube&quot;,&quot;controls&quot;:&quot;yes&quot;}\" data-widget_type=\"video.default\">\n\t\t\t\t<div class=\"elementor-widget-container\">\n\t\t\t\t\t\t\t<div class=\"elementor-wrapper elementor-open-inline\">\n\t\t\t<div class=\"elementor-video\"><\/div>\t\t\t\t<div class=\"elementor-custom-embed-image-overlay\" style=\"background-image: url(https:\/\/volodiavankeulen.com\/wp-content\/uploads\/2025\/08\/Capture-decran-2025-08-02-133729.png);\">\n\t\t\t\t\t\t\t\t\t\t\t\t\t\t\t\t<div class=\"elementor-custom-embed-play\" role=\"button\" aria-label=\"Lire la vid\u00e9o\" tabindex=\"0\">\n\t\t\t\t\t\t\t<i aria-hidden=\"true\" class=\"eicon-play\"><\/i>\t\t\t\t\t\t<\/div>\n\t\t\t\t\t\t\t\t\t<\/div>\n\t\t\t\t\t<\/div>\n\t\t\t\t\t\t<\/div>\n\t\t\t\t<\/div>\n\t\t\t\t<\/div>\n\t\t\t\t\t<\/div>\n\t\t\t\t<\/div>\n\t\t\t\t<\/div>\n\t\t","protected":false},"excerpt":{"rendered":"<p>Programmes Schubert VS Mendelssohn FELIX MENDELSSOHN &#8211; 2eme sonate pour piano et violoncelle en R\u00e9 Majeur -S\u00e9lection de lieder FRANZ SCHUBERT\u00a0 -S\u00e9lection de lieder -Sonate pour Arpeggione et piano D. 821 (dur\u00e9e 1h30) Ballet Russe IGOR STRAVINSKY -Suite italienne d&rsquo;apr\u00e9s \u00ab\u00a0Pulcinella\u00a0\u00bb (arr. Piatigorsky\u00a0) ALFRED SCHNITTKE\u00a0 -Sonate n.1 pour violoncelle et piano SERGE RACHMANINOV -Sonate pour &hellip;<\/p>\n<p class=\"read-more\"> <a class=\"ast-button\" href=\"https:\/\/volodiavankeulen.com\/index.php\/duo-van-keulen-hattat\/\"> <span class=\"screen-reader-text\">Duo van Keulen\/Hattat<\/span> +<\/a><\/p>\n","protected":false},"author":1,"featured_media":0,"parent":0,"menu_order":0,"comment_status":"closed","ping_status":"closed","template":"","meta":{"site-sidebar-layout":"no-sidebar","site-content-layout":"page-builder","ast-global-header-display":"","ast-main-header-display":"","ast-hfb-above-header-display":"","ast-hfb-below-header-display":"","ast-hfb-mobile-header-display":"","site-post-title":"disabled","ast-breadcrumbs-content":"","ast-featured-img":"disabled","footer-sml-layout":"","theme-transparent-header-meta":"","adv-header-id-meta":"","stick-header-meta":"","header-above-stick-meta":"","header-main-stick-meta":"","header-below-stick-meta":"","footnotes":""},"class_list":["post-2435","page","type-page","status-publish","hentry"],"yoast_head":"<!-- This site is optimized with the Yoast SEO plugin v26.8 - https:\/\/yoast.com\/product\/yoast-seo-wordpress\/ -->\n<title>Duo van Keulen\/Hattat -<\/title>\n<meta name=\"robots\" content=\"index, follow, max-snippet:-1, max-image-preview:large, max-video-preview:-1\" \/>\n<link rel=\"canonical\" href=\"https:\/\/volodiavankeulen.com\/index.php\/duo-van-keulen-hattat\/\" \/>\n<meta property=\"og:locale\" content=\"fr_FR\" \/>\n<meta property=\"og:type\" content=\"article\" \/>\n<meta property=\"og:title\" content=\"Duo van Keulen\/Hattat -\" \/>\n<meta property=\"og:description\" content=\"Programmes Schubert VS Mendelssohn FELIX MENDELSSOHN &#8211; 2eme sonate pour piano et violoncelle en R\u00e9 Majeur -S\u00e9lection de lieder FRANZ SCHUBERT\u00a0 -S\u00e9lection de lieder -Sonate pour Arpeggione et piano D. 821 (dur\u00e9e 1h30) Ballet Russe IGOR STRAVINSKY -Suite italienne d&rsquo;apr\u00e9s \u00ab\u00a0Pulcinella\u00a0\u00bb (arr. Piatigorsky\u00a0) ALFRED SCHNITTKE\u00a0 -Sonate n.1 pour violoncelle et piano SERGE RACHMANINOV -Sonate pour &hellip; Duo van Keulen\/Hattat +\" \/>\n<meta property=\"og:url\" content=\"https:\/\/volodiavankeulen.com\/index.php\/duo-van-keulen-hattat\/\" \/>\n<meta property=\"article:publisher\" content=\"https:\/\/www.facebook.com\/volodia.vankeulen\" \/>\n<meta property=\"article:modified_time\" content=\"2025-08-03T09:37:31+00:00\" \/>\n<meta property=\"og:image\" content=\"https:\/\/volodiavankeulen.com\/wp-content\/uploads\/2025\/08\/DSCF8190-scaled.jpg\" \/>\n\t<meta property=\"og:image:width\" content=\"1707\" \/>\n\t<meta property=\"og:image:height\" content=\"2560\" \/>\n\t<meta property=\"og:image:type\" content=\"image\/jpeg\" \/>\n<meta name=\"twitter:card\" content=\"summary_large_image\" \/>\n<meta name=\"twitter:label1\" content=\"Dur\u00e9e de lecture estim\u00e9e\" \/>\n\t<meta name=\"twitter:data1\" content=\"1 minute\" \/>\n<script type=\"application\/ld+json\" class=\"yoast-schema-graph\">{\"@context\":\"https:\/\/schema.org\",\"@graph\":[{\"@type\":\"WebPage\",\"@id\":\"https:\/\/volodiavankeulen.com\/index.php\/duo-van-keulen-hattat\/\",\"url\":\"https:\/\/volodiavankeulen.com\/index.php\/duo-van-keulen-hattat\/\",\"name\":\"Duo van Keulen\/Hattat -\",\"isPartOf\":{\"@id\":\"https:\/\/volodiavankeulen.com\/#website\"},\"primaryImageOfPage\":{\"@id\":\"https:\/\/volodiavankeulen.com\/index.php\/duo-van-keulen-hattat\/#primaryimage\"},\"image\":{\"@id\":\"https:\/\/volodiavankeulen.com\/index.php\/duo-van-keulen-hattat\/#primaryimage\"},\"thumbnailUrl\":\"https:\/\/volodiavankeulen.com\/wp-content\/uploads\/2025\/08\/DSCF8190-683x1024.jpg\",\"datePublished\":\"2025-08-02T11:48:26+00:00\",\"dateModified\":\"2025-08-03T09:37:31+00:00\",\"breadcrumb\":{\"@id\":\"https:\/\/volodiavankeulen.com\/index.php\/duo-van-keulen-hattat\/#breadcrumb\"},\"inLanguage\":\"fr-FR\",\"potentialAction\":[{\"@type\":\"ReadAction\",\"target\":[\"https:\/\/volodiavankeulen.com\/index.php\/duo-van-keulen-hattat\/\"]}]},{\"@type\":\"ImageObject\",\"inLanguage\":\"fr-FR\",\"@id\":\"https:\/\/volodiavankeulen.com\/index.php\/duo-van-keulen-hattat\/#primaryimage\",\"url\":\"https:\/\/volodiavankeulen.com\/wp-content\/uploads\/2025\/08\/DSCF8190-scaled.jpg\",\"contentUrl\":\"https:\/\/volodiavankeulen.com\/wp-content\/uploads\/2025\/08\/DSCF8190-scaled.jpg\",\"width\":1707,\"height\":2560},{\"@type\":\"BreadcrumbList\",\"@id\":\"https:\/\/volodiavankeulen.com\/index.php\/duo-van-keulen-hattat\/#breadcrumb\",\"itemListElement\":[{\"@type\":\"ListItem\",\"position\":1,\"name\":\"Accueil\",\"item\":\"https:\/\/volodiavankeulen.com\/\"},{\"@type\":\"ListItem\",\"position\":2,\"name\":\"Duo van Keulen\/Hattat\"}]},{\"@type\":\"WebSite\",\"@id\":\"https:\/\/volodiavankeulen.com\/#website\",\"url\":\"https:\/\/volodiavankeulen.com\/\",\"name\":\"Volodia van Keulen\",\"description\":\"\",\"publisher\":{\"@id\":\"https:\/\/volodiavankeulen.com\/#\/schema\/person\/d1b4b84f2c13550f5b4814b5c85835b1\"},\"potentialAction\":[{\"@type\":\"SearchAction\",\"target\":{\"@type\":\"EntryPoint\",\"urlTemplate\":\"https:\/\/volodiavankeulen.com\/?s={search_term_string}\"},\"query-input\":{\"@type\":\"PropertyValueSpecification\",\"valueRequired\":true,\"valueName\":\"search_term_string\"}}],\"inLanguage\":\"fr-FR\"},{\"@type\":[\"Person\",\"Organization\"],\"@id\":\"https:\/\/volodiavankeulen.com\/#\/schema\/person\/d1b4b84f2c13550f5b4814b5c85835b1\",\"name\":\"Volodia van Keulen\",\"image\":{\"@type\":\"ImageObject\",\"inLanguage\":\"fr-FR\",\"@id\":\"https:\/\/volodiavankeulen.com\/#\/schema\/person\/image\/\",\"url\":\"https:\/\/volodiavankeulen.com\/wp-content\/uploads\/2024\/03\/kronberg.jpg\",\"contentUrl\":\"https:\/\/volodiavankeulen.com\/wp-content\/uploads\/2024\/03\/kronberg.jpg\",\"width\":960,\"height\":641,\"caption\":\"Volodia van Keulen\"},\"logo\":{\"@id\":\"https:\/\/volodiavankeulen.com\/#\/schema\/person\/image\/\"},\"description\":\"Volodia van Keulen, jeune violoncelliste fran\u00e7ais, fascine par son jeu d'une intensit\u00e9 rare et son charisme flamboyant. Form\u00e9 au Conservatoire National Sup\u00e9rieur de Paris, il a brill\u00e9 sur les sc\u00e8nes internationales les plus prestigieuses. Il est \u00e9galement membre fondateur du Trio Messiaen, form\u00e9 en 2014, qui a remport\u00e9 plusieurs prix prestigieux, dont le premier prix du Concours international de musique de chambre de Lyon en 2018. Musicien curieux et audacieux, il enrichit son univers musical par la pratique de la musique d'Inde du nord et du Sitar, \u00e0 travers diverses collaborations, notamment avec le fl\u00fbtiste Samuel Bricault au sein du duo Badmash.\",\"sameAs\":[\"http:\/\/volodiavankeulen.com\",\"https:\/\/www.facebook.com\/volodia.vankeulen\",\"https:\/\/www.instagram.com\/volodiavk?igsh=MXFhMGY2cmlnc3Q2cg==\"]}]}<\/script>\n<!-- \/ Yoast SEO plugin. -->","yoast_head_json":{"title":"Duo van Keulen\/Hattat -","robots":{"index":"index","follow":"follow","max-snippet":"max-snippet:-1","max-image-preview":"max-image-preview:large","max-video-preview":"max-video-preview:-1"},"canonical":"https:\/\/volodiavankeulen.com\/index.php\/duo-van-keulen-hattat\/","og_locale":"fr_FR","og_type":"article","og_title":"Duo van Keulen\/Hattat -","og_description":"Programmes Schubert VS Mendelssohn FELIX MENDELSSOHN &#8211; 2eme sonate pour piano et violoncelle en R\u00e9 Majeur -S\u00e9lection de lieder FRANZ SCHUBERT\u00a0 -S\u00e9lection de lieder -Sonate pour Arpeggione et piano D. 821 (dur\u00e9e 1h30) Ballet Russe IGOR STRAVINSKY -Suite italienne d&rsquo;apr\u00e9s \u00ab\u00a0Pulcinella\u00a0\u00bb (arr. Piatigorsky\u00a0) ALFRED SCHNITTKE\u00a0 -Sonate n.1 pour violoncelle et piano SERGE RACHMANINOV -Sonate pour &hellip; Duo van Keulen\/Hattat +","og_url":"https:\/\/volodiavankeulen.com\/index.php\/duo-van-keulen-hattat\/","article_publisher":"https:\/\/www.facebook.com\/volodia.vankeulen","article_modified_time":"2025-08-03T09:37:31+00:00","og_image":[{"width":1707,"height":2560,"url":"https:\/\/volodiavankeulen.com\/wp-content\/uploads\/2025\/08\/DSCF8190-scaled.jpg","type":"image\/jpeg"}],"twitter_card":"summary_large_image","twitter_misc":{"Dur\u00e9e de lecture estim\u00e9e":"1 minute"},"schema":{"@context":"https:\/\/schema.org","@graph":[{"@type":"WebPage","@id":"https:\/\/volodiavankeulen.com\/index.php\/duo-van-keulen-hattat\/","url":"https:\/\/volodiavankeulen.com\/index.php\/duo-van-keulen-hattat\/","name":"Duo van Keulen\/Hattat -","isPartOf":{"@id":"https:\/\/volodiavankeulen.com\/#website"},"primaryImageOfPage":{"@id":"https:\/\/volodiavankeulen.com\/index.php\/duo-van-keulen-hattat\/#primaryimage"},"image":{"@id":"https:\/\/volodiavankeulen.com\/index.php\/duo-van-keulen-hattat\/#primaryimage"},"thumbnailUrl":"https:\/\/volodiavankeulen.com\/wp-content\/uploads\/2025\/08\/DSCF8190-683x1024.jpg","datePublished":"2025-08-02T11:48:26+00:00","dateModified":"2025-08-03T09:37:31+00:00","breadcrumb":{"@id":"https:\/\/volodiavankeulen.com\/index.php\/duo-van-keulen-hattat\/#breadcrumb"},"inLanguage":"fr-FR","potentialAction":[{"@type":"ReadAction","target":["https:\/\/volodiavankeulen.com\/index.php\/duo-van-keulen-hattat\/"]}]},{"@type":"ImageObject","inLanguage":"fr-FR","@id":"https:\/\/volodiavankeulen.com\/index.php\/duo-van-keulen-hattat\/#primaryimage","url":"https:\/\/volodiavankeulen.com\/wp-content\/uploads\/2025\/08\/DSCF8190-scaled.jpg","contentUrl":"https:\/\/volodiavankeulen.com\/wp-content\/uploads\/2025\/08\/DSCF8190-scaled.jpg","width":1707,"height":2560},{"@type":"BreadcrumbList","@id":"https:\/\/volodiavankeulen.com\/index.php\/duo-van-keulen-hattat\/#breadcrumb","itemListElement":[{"@type":"ListItem","position":1,"name":"Accueil","item":"https:\/\/volodiavankeulen.com\/"},{"@type":"ListItem","position":2,"name":"Duo van Keulen\/Hattat"}]},{"@type":"WebSite","@id":"https:\/\/volodiavankeulen.com\/#website","url":"https:\/\/volodiavankeulen.com\/","name":"Volodia van Keulen","description":"","publisher":{"@id":"https:\/\/volodiavankeulen.com\/#\/schema\/person\/d1b4b84f2c13550f5b4814b5c85835b1"},"potentialAction":[{"@type":"SearchAction","target":{"@type":"EntryPoint","urlTemplate":"https:\/\/volodiavankeulen.com\/?s={search_term_string}"},"query-input":{"@type":"PropertyValueSpecification","valueRequired":true,"valueName":"search_term_string"}}],"inLanguage":"fr-FR"},{"@type":["Person","Organization"],"@id":"https:\/\/volodiavankeulen.com\/#\/schema\/person\/d1b4b84f2c13550f5b4814b5c85835b1","name":"Volodia van Keulen","image":{"@type":"ImageObject","inLanguage":"fr-FR","@id":"https:\/\/volodiavankeulen.com\/#\/schema\/person\/image\/","url":"https:\/\/volodiavankeulen.com\/wp-content\/uploads\/2024\/03\/kronberg.jpg","contentUrl":"https:\/\/volodiavankeulen.com\/wp-content\/uploads\/2024\/03\/kronberg.jpg","width":960,"height":641,"caption":"Volodia van Keulen"},"logo":{"@id":"https:\/\/volodiavankeulen.com\/#\/schema\/person\/image\/"},"description":"Volodia van Keulen, jeune violoncelliste fran\u00e7ais, fascine par son jeu d'une intensit\u00e9 rare et son charisme flamboyant. Form\u00e9 au Conservatoire National Sup\u00e9rieur de Paris, il a brill\u00e9 sur les sc\u00e8nes internationales les plus prestigieuses. Il est \u00e9galement membre fondateur du Trio Messiaen, form\u00e9 en 2014, qui a remport\u00e9 plusieurs prix prestigieux, dont le premier prix du Concours international de musique de chambre de Lyon en 2018. Musicien curieux et audacieux, il enrichit son univers musical par la pratique de la musique d'Inde du nord et du Sitar, \u00e0 travers diverses collaborations, notamment avec le fl\u00fbtiste Samuel Bricault au sein du duo Badmash.","sameAs":["http:\/\/volodiavankeulen.com","https:\/\/www.facebook.com\/volodia.vankeulen","https:\/\/www.instagram.com\/volodiavk?igsh=MXFhMGY2cmlnc3Q2cg=="]}]}},"jetpack_sharing_enabled":true,"_links":{"self":[{"href":"https:\/\/volodiavankeulen.com\/index.php\/wp-json\/wp\/v2\/pages\/2435","targetHints":{"allow":["GET"]}}],"collection":[{"href":"https:\/\/volodiavankeulen.com\/index.php\/wp-json\/wp\/v2\/pages"}],"about":[{"href":"https:\/\/volodiavankeulen.com\/index.php\/wp-json\/wp\/v2\/types\/page"}],"author":[{"embeddable":true,"href":"https:\/\/volodiavankeulen.com\/index.php\/wp-json\/wp\/v2\/users\/1"}],"replies":[{"embeddable":true,"href":"https:\/\/volodiavankeulen.com\/index.php\/wp-json\/wp\/v2\/comments?post=2435"}],"version-history":[{"count":31,"href":"https:\/\/volodiavankeulen.com\/index.php\/wp-json\/wp\/v2\/pages\/2435\/revisions"}],"predecessor-version":[{"id":2484,"href":"https:\/\/volodiavankeulen.com\/index.php\/wp-json\/wp\/v2\/pages\/2435\/revisions\/2484"}],"wp:attachment":[{"href":"https:\/\/volodiavankeulen.com\/index.php\/wp-json\/wp\/v2\/media?parent=2435"}],"curies":[{"name":"wp","href":"https:\/\/api.w.org\/{rel}","templated":true}]}}