{"id":2466,"date":"2025-08-03T11:30:05","date_gmt":"2025-08-03T09:30:05","guid":{"rendered":"https:\/\/volodiavankeulen.com\/?page_id=2466"},"modified":"2025-08-03T11:34:06","modified_gmt":"2025-08-03T09:34:06","slug":"elementor-2466","status":"publish","type":"page","link":"https:\/\/volodiavankeulen.com\/index.php\/elementor-2466\/","title":{"rendered":"M\u00e9moires d\u2019\u00e2mes et de terres"},"content":{"rendered":"\t\t<div data-elementor-type=\"wp-page\" data-elementor-id=\"2466\" class=\"elementor elementor-2466\" data-elementor-post-type=\"page\">\n\t\t\t\t<div class=\"elementor-element elementor-element-b3c7d55 e-flex e-con-boxed e-con e-parent\" data-id=\"b3c7d55\" data-element_type=\"container\" data-e-type=\"container\">\n\t\t\t\t\t<div class=\"e-con-inner\">\n\t\t\t\t<div class=\"elementor-element elementor-element-062aa32 elementor-widget elementor-widget-heading\" data-id=\"062aa32\" data-element_type=\"widget\" data-e-type=\"widget\" data-widget_type=\"heading.default\">\n\t\t\t\t<div class=\"elementor-widget-container\">\n\t\t\t\t\t<h2 class=\"elementor-heading-title elementor-size-default\">M\u00e9moires d'\u00e2mes et de terres<\/h2>\t\t\t\t<\/div>\n\t\t\t\t<\/div>\n\t\t\t\t<div class=\"elementor-element elementor-element-a17b26e elementor-widget elementor-widget-text-editor\" data-id=\"a17b26e\" data-element_type=\"widget\" data-e-type=\"widget\" data-widget_type=\"text-editor.default\">\n\t\t\t\t<div class=\"elementor-widget-container\">\n\t\t\t\t\t\t\t\t\t<p>Ce programme est une travers\u00e9e musicale o\u00f9 la m\u00e9moire des peuples rencontre l\u2019\u00e9lan de l\u2019\u00e2me individuelle. Chaque \u0153uvre y incarne un souffle \u2014 celui d\u2019une culture, d\u2019un langage, d\u2019une \u00e9motion \u2014 transfigur\u00e9 par la voix singuli\u00e8re de ses compositeurs.<\/p><p>Avec ses Cinq pi\u00e8ces sur des th\u00e8mes folkloriques, le G\u00e9orgien Sulkhan Tsintsadze transforme la musique populaire de son pays en miniatures vibrantes, aux rythmes incisifs et aux couleurs brutes. Le folklore devient ici mati\u00e8re vivante, sculpt\u00e9e par une \u00e9criture classique moderne.<\/p><p>Dans sa Sonate n\u00b0 1 (1978), Alfred Schnittke nous entra\u00eene aux confins du chaos et de la confession. Sa musique, travers\u00e9e de tensions, de ruptures et de citations, expose une \u00e2me mise \u00e0 nu \u2014 tiraill\u00e9e entre m\u00e9moire sovi\u00e9tique, ironie postmoderne et recherche d\u2019absolu.<\/p><p>Avec Poh\u00e1dka (\u201cConte de f\u00e9e\u201d), Leo\u0161 Jan\u00e1\u010dek plonge dans le lyrisme d\u2019un monde onirique inspir\u00e9 de la litt\u00e9rature slave. Les lignes m\u00e9lodiques sinueuses du violoncelle dialoguent avec un piano \u00e9vocateur : le folklore y devient murmure po\u00e9tique, intime et fragile.<\/p><p>Enfin, Astor Piazzolla, avec Le Grand Tango, fusionne la sensualit\u00e9 du tango argentin avec la virtuosit\u00e9 du langage classique. Le souffle populaire y devient danse exalt\u00e9e, \u00e9l\u00e9gante et visc\u00e9rale \u00e0 la fois \u2014 un \u00e9clat de passion, entre tradition et modernit\u00e9.<\/p><p>Ces \u0153uvres, venues de G\u00e9orgie, de Russie, de Moravie ou d\u2019Argentine, racontent toutes \u00e0 leur mani\u00e8re l\u2019histoire de peuples et d\u2019\u00e2mes en mouvement. Entre racines profondes et cris int\u00e9rieurs, elles dessinent une cartographie sensible de l\u2019humanit\u00e9 en musique.<\/p>\t\t\t\t\t\t\t\t<\/div>\n\t\t\t\t<\/div>\n\t\t\t\t\t<\/div>\n\t\t\t\t<\/div>\n\t\t\t\t<\/div>\n\t\t","protected":false},"excerpt":{"rendered":"<p>M\u00e9moires d&rsquo;\u00e2mes et de terres Ce programme est une travers\u00e9e musicale o\u00f9 la m\u00e9moire des peuples rencontre l\u2019\u00e9lan de l\u2019\u00e2me individuelle. Chaque \u0153uvre y incarne un souffle \u2014 celui d\u2019une culture, d\u2019un langage, d\u2019une \u00e9motion \u2014 transfigur\u00e9 par la voix singuli\u00e8re de ses compositeurs. Avec ses Cinq pi\u00e8ces sur des th\u00e8mes folkloriques, le G\u00e9orgien Sulkhan &hellip;<\/p>\n<p class=\"read-more\"> <a class=\"ast-button\" href=\"https:\/\/volodiavankeulen.com\/index.php\/elementor-2466\/\"> <span class=\"screen-reader-text\">M\u00e9moires d\u2019\u00e2mes et de terres<\/span> +<\/a><\/p>\n","protected":false},"author":1,"featured_media":0,"parent":0,"menu_order":0,"comment_status":"closed","ping_status":"closed","template":"","meta":{"site-sidebar-layout":"no-sidebar","site-content-layout":"page-builder","ast-global-header-display":"","ast-main-header-display":"","ast-hfb-above-header-display":"","ast-hfb-below-header-display":"","ast-hfb-mobile-header-display":"","site-post-title":"disabled","ast-breadcrumbs-content":"","ast-featured-img":"disabled","footer-sml-layout":"","theme-transparent-header-meta":"","adv-header-id-meta":"","stick-header-meta":"","header-above-stick-meta":"","header-main-stick-meta":"","header-below-stick-meta":"","footnotes":""},"class_list":["post-2466","page","type-page","status-publish","hentry"],"yoast_head":"<!-- This site is optimized with the Yoast SEO plugin v26.8 - https:\/\/yoast.com\/product\/yoast-seo-wordpress\/ -->\n<title>M\u00e9moires d\u2019\u00e2mes et de terres -<\/title>\n<meta name=\"robots\" content=\"index, follow, max-snippet:-1, max-image-preview:large, max-video-preview:-1\" \/>\n<link rel=\"canonical\" href=\"https:\/\/volodiavankeulen.com\/index.php\/elementor-2466\/\" \/>\n<meta property=\"og:locale\" content=\"fr_FR\" \/>\n<meta property=\"og:type\" content=\"article\" \/>\n<meta property=\"og:title\" content=\"M\u00e9moires d\u2019\u00e2mes et de terres -\" \/>\n<meta property=\"og:description\" content=\"M\u00e9moires d&rsquo;\u00e2mes et de terres Ce programme est une travers\u00e9e musicale o\u00f9 la m\u00e9moire des peuples rencontre l\u2019\u00e9lan de l\u2019\u00e2me individuelle. Chaque \u0153uvre y incarne un souffle \u2014 celui d\u2019une culture, d\u2019un langage, d\u2019une \u00e9motion \u2014 transfigur\u00e9 par la voix singuli\u00e8re de ses compositeurs. Avec ses Cinq pi\u00e8ces sur des th\u00e8mes folkloriques, le G\u00e9orgien Sulkhan &hellip; M\u00e9moires d\u2019\u00e2mes et de terres +\" \/>\n<meta property=\"og:url\" content=\"https:\/\/volodiavankeulen.com\/index.php\/elementor-2466\/\" \/>\n<meta property=\"article:publisher\" content=\"https:\/\/www.facebook.com\/volodia.vankeulen\" \/>\n<meta property=\"article:modified_time\" content=\"2025-08-03T09:34:06+00:00\" \/>\n<meta name=\"twitter:card\" content=\"summary_large_image\" \/>\n<meta name=\"twitter:label1\" content=\"Dur\u00e9e de lecture estim\u00e9e\" \/>\n\t<meta name=\"twitter:data1\" content=\"2 minutes\" \/>\n<script type=\"application\/ld+json\" class=\"yoast-schema-graph\">{\"@context\":\"https:\/\/schema.org\",\"@graph\":[{\"@type\":\"WebPage\",\"@id\":\"https:\/\/volodiavankeulen.com\/index.php\/elementor-2466\/\",\"url\":\"https:\/\/volodiavankeulen.com\/index.php\/elementor-2466\/\",\"name\":\"M\u00e9moires d\u2019\u00e2mes et de terres -\",\"isPartOf\":{\"@id\":\"https:\/\/volodiavankeulen.com\/#website\"},\"datePublished\":\"2025-08-03T09:30:05+00:00\",\"dateModified\":\"2025-08-03T09:34:06+00:00\",\"breadcrumb\":{\"@id\":\"https:\/\/volodiavankeulen.com\/index.php\/elementor-2466\/#breadcrumb\"},\"inLanguage\":\"fr-FR\",\"potentialAction\":[{\"@type\":\"ReadAction\",\"target\":[\"https:\/\/volodiavankeulen.com\/index.php\/elementor-2466\/\"]}]},{\"@type\":\"BreadcrumbList\",\"@id\":\"https:\/\/volodiavankeulen.com\/index.php\/elementor-2466\/#breadcrumb\",\"itemListElement\":[{\"@type\":\"ListItem\",\"position\":1,\"name\":\"Accueil\",\"item\":\"https:\/\/volodiavankeulen.com\/\"},{\"@type\":\"ListItem\",\"position\":2,\"name\":\"M\u00e9moires d\u2019\u00e2mes et de terres\"}]},{\"@type\":\"WebSite\",\"@id\":\"https:\/\/volodiavankeulen.com\/#website\",\"url\":\"https:\/\/volodiavankeulen.com\/\",\"name\":\"Volodia van Keulen\",\"description\":\"\",\"publisher\":{\"@id\":\"https:\/\/volodiavankeulen.com\/#\/schema\/person\/d1b4b84f2c13550f5b4814b5c85835b1\"},\"potentialAction\":[{\"@type\":\"SearchAction\",\"target\":{\"@type\":\"EntryPoint\",\"urlTemplate\":\"https:\/\/volodiavankeulen.com\/?s={search_term_string}\"},\"query-input\":{\"@type\":\"PropertyValueSpecification\",\"valueRequired\":true,\"valueName\":\"search_term_string\"}}],\"inLanguage\":\"fr-FR\"},{\"@type\":[\"Person\",\"Organization\"],\"@id\":\"https:\/\/volodiavankeulen.com\/#\/schema\/person\/d1b4b84f2c13550f5b4814b5c85835b1\",\"name\":\"Volodia van Keulen\",\"image\":{\"@type\":\"ImageObject\",\"inLanguage\":\"fr-FR\",\"@id\":\"https:\/\/volodiavankeulen.com\/#\/schema\/person\/image\/\",\"url\":\"https:\/\/volodiavankeulen.com\/wp-content\/uploads\/2024\/03\/kronberg.jpg\",\"contentUrl\":\"https:\/\/volodiavankeulen.com\/wp-content\/uploads\/2024\/03\/kronberg.jpg\",\"width\":960,\"height\":641,\"caption\":\"Volodia van Keulen\"},\"logo\":{\"@id\":\"https:\/\/volodiavankeulen.com\/#\/schema\/person\/image\/\"},\"description\":\"Volodia van Keulen, jeune violoncelliste fran\u00e7ais, fascine par son jeu d'une intensit\u00e9 rare et son charisme flamboyant. Form\u00e9 au Conservatoire National Sup\u00e9rieur de Paris, il a brill\u00e9 sur les sc\u00e8nes internationales les plus prestigieuses. Il est \u00e9galement membre fondateur du Trio Messiaen, form\u00e9 en 2014, qui a remport\u00e9 plusieurs prix prestigieux, dont le premier prix du Concours international de musique de chambre de Lyon en 2018. Musicien curieux et audacieux, il enrichit son univers musical par la pratique de la musique d'Inde du nord et du Sitar, \u00e0 travers diverses collaborations, notamment avec le fl\u00fbtiste Samuel Bricault au sein du duo Badmash.\",\"sameAs\":[\"http:\/\/volodiavankeulen.com\",\"https:\/\/www.facebook.com\/volodia.vankeulen\",\"https:\/\/www.instagram.com\/volodiavk?igsh=MXFhMGY2cmlnc3Q2cg==\"]}]}<\/script>\n<!-- \/ Yoast SEO plugin. -->","yoast_head_json":{"title":"M\u00e9moires d\u2019\u00e2mes et de terres -","robots":{"index":"index","follow":"follow","max-snippet":"max-snippet:-1","max-image-preview":"max-image-preview:large","max-video-preview":"max-video-preview:-1"},"canonical":"https:\/\/volodiavankeulen.com\/index.php\/elementor-2466\/","og_locale":"fr_FR","og_type":"article","og_title":"M\u00e9moires d\u2019\u00e2mes et de terres -","og_description":"M\u00e9moires d&rsquo;\u00e2mes et de terres Ce programme est une travers\u00e9e musicale o\u00f9 la m\u00e9moire des peuples rencontre l\u2019\u00e9lan de l\u2019\u00e2me individuelle. Chaque \u0153uvre y incarne un souffle \u2014 celui d\u2019une culture, d\u2019un langage, d\u2019une \u00e9motion \u2014 transfigur\u00e9 par la voix singuli\u00e8re de ses compositeurs. Avec ses Cinq pi\u00e8ces sur des th\u00e8mes folkloriques, le G\u00e9orgien Sulkhan &hellip; M\u00e9moires d\u2019\u00e2mes et de terres +","og_url":"https:\/\/volodiavankeulen.com\/index.php\/elementor-2466\/","article_publisher":"https:\/\/www.facebook.com\/volodia.vankeulen","article_modified_time":"2025-08-03T09:34:06+00:00","twitter_card":"summary_large_image","twitter_misc":{"Dur\u00e9e de lecture estim\u00e9e":"2 minutes"},"schema":{"@context":"https:\/\/schema.org","@graph":[{"@type":"WebPage","@id":"https:\/\/volodiavankeulen.com\/index.php\/elementor-2466\/","url":"https:\/\/volodiavankeulen.com\/index.php\/elementor-2466\/","name":"M\u00e9moires d\u2019\u00e2mes et de terres -","isPartOf":{"@id":"https:\/\/volodiavankeulen.com\/#website"},"datePublished":"2025-08-03T09:30:05+00:00","dateModified":"2025-08-03T09:34:06+00:00","breadcrumb":{"@id":"https:\/\/volodiavankeulen.com\/index.php\/elementor-2466\/#breadcrumb"},"inLanguage":"fr-FR","potentialAction":[{"@type":"ReadAction","target":["https:\/\/volodiavankeulen.com\/index.php\/elementor-2466\/"]}]},{"@type":"BreadcrumbList","@id":"https:\/\/volodiavankeulen.com\/index.php\/elementor-2466\/#breadcrumb","itemListElement":[{"@type":"ListItem","position":1,"name":"Accueil","item":"https:\/\/volodiavankeulen.com\/"},{"@type":"ListItem","position":2,"name":"M\u00e9moires d\u2019\u00e2mes et de terres"}]},{"@type":"WebSite","@id":"https:\/\/volodiavankeulen.com\/#website","url":"https:\/\/volodiavankeulen.com\/","name":"Volodia van Keulen","description":"","publisher":{"@id":"https:\/\/volodiavankeulen.com\/#\/schema\/person\/d1b4b84f2c13550f5b4814b5c85835b1"},"potentialAction":[{"@type":"SearchAction","target":{"@type":"EntryPoint","urlTemplate":"https:\/\/volodiavankeulen.com\/?s={search_term_string}"},"query-input":{"@type":"PropertyValueSpecification","valueRequired":true,"valueName":"search_term_string"}}],"inLanguage":"fr-FR"},{"@type":["Person","Organization"],"@id":"https:\/\/volodiavankeulen.com\/#\/schema\/person\/d1b4b84f2c13550f5b4814b5c85835b1","name":"Volodia van Keulen","image":{"@type":"ImageObject","inLanguage":"fr-FR","@id":"https:\/\/volodiavankeulen.com\/#\/schema\/person\/image\/","url":"https:\/\/volodiavankeulen.com\/wp-content\/uploads\/2024\/03\/kronberg.jpg","contentUrl":"https:\/\/volodiavankeulen.com\/wp-content\/uploads\/2024\/03\/kronberg.jpg","width":960,"height":641,"caption":"Volodia van Keulen"},"logo":{"@id":"https:\/\/volodiavankeulen.com\/#\/schema\/person\/image\/"},"description":"Volodia van Keulen, jeune violoncelliste fran\u00e7ais, fascine par son jeu d'une intensit\u00e9 rare et son charisme flamboyant. Form\u00e9 au Conservatoire National Sup\u00e9rieur de Paris, il a brill\u00e9 sur les sc\u00e8nes internationales les plus prestigieuses. Il est \u00e9galement membre fondateur du Trio Messiaen, form\u00e9 en 2014, qui a remport\u00e9 plusieurs prix prestigieux, dont le premier prix du Concours international de musique de chambre de Lyon en 2018. Musicien curieux et audacieux, il enrichit son univers musical par la pratique de la musique d'Inde du nord et du Sitar, \u00e0 travers diverses collaborations, notamment avec le fl\u00fbtiste Samuel Bricault au sein du duo Badmash.","sameAs":["http:\/\/volodiavankeulen.com","https:\/\/www.facebook.com\/volodia.vankeulen","https:\/\/www.instagram.com\/volodiavk?igsh=MXFhMGY2cmlnc3Q2cg=="]}]}},"jetpack_sharing_enabled":true,"_links":{"self":[{"href":"https:\/\/volodiavankeulen.com\/index.php\/wp-json\/wp\/v2\/pages\/2466","targetHints":{"allow":["GET"]}}],"collection":[{"href":"https:\/\/volodiavankeulen.com\/index.php\/wp-json\/wp\/v2\/pages"}],"about":[{"href":"https:\/\/volodiavankeulen.com\/index.php\/wp-json\/wp\/v2\/types\/page"}],"author":[{"embeddable":true,"href":"https:\/\/volodiavankeulen.com\/index.php\/wp-json\/wp\/v2\/users\/1"}],"replies":[{"embeddable":true,"href":"https:\/\/volodiavankeulen.com\/index.php\/wp-json\/wp\/v2\/comments?post=2466"}],"version-history":[{"count":6,"href":"https:\/\/volodiavankeulen.com\/index.php\/wp-json\/wp\/v2\/pages\/2466\/revisions"}],"predecessor-version":[{"id":2473,"href":"https:\/\/volodiavankeulen.com\/index.php\/wp-json\/wp\/v2\/pages\/2466\/revisions\/2473"}],"wp:attachment":[{"href":"https:\/\/volodiavankeulen.com\/index.php\/wp-json\/wp\/v2\/media?parent=2466"}],"curies":[{"name":"wp","href":"https:\/\/api.w.org\/{rel}","templated":true}]}}